{"id":4945,"date":"2025-02-03T09:15:17","date_gmt":"2025-02-03T09:15:17","guid":{"rendered":"https:\/\/purren-apotheke.de\/?page_id=4945"},"modified":"2025-02-03T09:28:22","modified_gmt":"2025-02-03T09:28:22","slug":"team-neu","status":"publish","type":"page","link":"https:\/\/purren-apotheke.de\/?page_id=4945","title":{"rendered":"Team"},"content":{"rendered":"\t\t<div data-elementor-type=\"wp-page\" data-elementor-id=\"4945\" class=\"elementor elementor-4945\" data-elementor-post-type=\"page\">\n\t\t\t\t\t\t<section class=\"elementor-section elementor-top-section elementor-element elementor-element-8522986 elementor-section-boxed elementor-section-height-default elementor-section-height-default exad-glass-effect-no exad-sticky-section-no\" data-id=\"8522986\" data-element_type=\"section\" data-e-type=\"section\">\n\t\t\t\t\t\t<div class=\"elementor-container elementor-column-gap-default\">\n\t\t\t\t\t<div class=\"elementor-column elementor-col-100 elementor-top-column elementor-element elementor-element-71d1123 exad-glass-effect-no exad-sticky-section-no\" data-id=\"71d1123\" data-element_type=\"column\" data-e-type=\"column\">\n\t\t\t<div class=\"elementor-widget-wrap elementor-element-populated\">\n\t\t\t\t\t\t<div class=\"elementor-element elementor-element-c02b3ff exad-sticky-section-no exad-glass-effect-no elementor-widget elementor-widget-heading\" data-id=\"c02b3ff\" data-element_type=\"widget\" data-e-type=\"widget\" data-widget_type=\"heading.default\">\n\t\t\t\t<div class=\"elementor-widget-container\">\n\t\t\t\t\t<h2 class=\"elementor-heading-title elementor-size-default\">Unser Team - immer f\u00fcr Sie da<\/h2>\t\t\t\t<\/div>\n\t\t\t\t<\/div>\n\t\t\t\t<div class=\"elementor-element elementor-element-3475e96 elementor-view-stacked elementor-shape-square elementor-widget__width-initial elementor-fixed exad-sticky-section-no exad-glass-effect-no elementor-widget elementor-widget-icon\" data-id=\"3475e96\" data-element_type=\"widget\" data-e-type=\"widget\" data-settings=\"{&quot;_position&quot;:&quot;fixed&quot;}\" data-widget_type=\"icon.default\">\n\t\t\t\t<div class=\"elementor-widget-container\">\n\t\t\t\t\t\t\t<div class=\"elementor-icon-wrapper\">\n\t\t\t<a class=\"elementor-icon\" href=\"https:\/\/purren-apotheke.de\/?page_id=32\" target=\"_blank\">\n\t\t\t<i aria-hidden=\"true\" class=\"feather icon-phone-call\"><\/i>\t\t\t<\/a>\n\t\t<\/div>\n\t\t\t\t\t\t<\/div>\n\t\t\t\t<\/div>\n\t\t\t\t<div class=\"elementor-element elementor-element-6eda6eb elementor-view-stacked elementor-shape-square elementor-widget__width-auto elementor-fixed exad-sticky-section-no exad-glass-effect-no elementor-widget elementor-widget-icon\" data-id=\"6eda6eb\" data-element_type=\"widget\" data-e-type=\"widget\" data-settings=\"{&quot;_position&quot;:&quot;fixed&quot;}\" data-widget_type=\"icon.default\">\n\t\t\t\t<div class=\"elementor-widget-container\">\n\t\t\t\t\t\t\t<div class=\"elementor-icon-wrapper\">\n\t\t\t<a class=\"elementor-icon\" href=\"mailto:ines@qlt-online.de\">\n\t\t\t<i aria-hidden=\"true\" class=\"feather icon-mail\"><\/i>\t\t\t<\/a>\n\t\t<\/div>\n\t\t\t\t\t\t<\/div>\n\t\t\t\t<\/div>\n\t\t\t\t<div class=\"elementor-element elementor-element-8658862 elementor-view-stacked elementor-shape-square elementor-widget__width-auto elementor-fixed exad-sticky-section-no exad-glass-effect-no elementor-widget elementor-widget-global elementor-global-2982 elementor-widget-icon\" data-id=\"8658862\" data-element_type=\"widget\" data-e-type=\"widget\" data-settings=\"{&quot;_position&quot;:&quot;fixed&quot;}\" data-widget_type=\"icon.default\">\n\t\t\t\t<div class=\"elementor-widget-container\">\n\t\t\t\t\t\t\t<div class=\"elementor-icon-wrapper\">\n\t\t\t<a class=\"elementor-icon\" href=\"mailto:info@purrenapo.de\">\n\t\t\t<i aria-hidden=\"true\" class=\"feather icon-mail\"><\/i>\t\t\t<\/a>\n\t\t<\/div>\n\t\t\t\t\t\t<\/div>\n\t\t\t\t<\/div>\n\t\t\t\t<div class=\"elementor-element elementor-element-ad447a3 exad-sticky-section-no exad-glass-effect-no elementor-widget elementor-widget-text-editor\" data-id=\"ad447a3\" data-element_type=\"widget\" data-e-type=\"widget\" data-widget_type=\"text-editor.default\">\n\t\t\t\t<div class=\"elementor-widget-container\">\n\t\t\t\t\t\t\t\t\t<p style=\"text-align: left;\">Als eingespieltes Team beraten wir unsere Kunden t\u00e4glich mit viel Engagement in unserem Beruf. Kompetenz und Feingef\u00fchl, Verst\u00e4ndnis f\u00fcr Ihre Anliegen und Freude an unserer Arbeit machen unsere Team-Philosophie aus. Bei Fragen und Problemen rund um die Gesundheit sind wir immer f\u00fcr Sie da.<\/p>\t\t\t\t\t\t\t\t<\/div>\n\t\t\t\t<\/div>\n\t\t\t\t\t<\/div>\n\t\t<\/div>\n\t\t\t\t\t<\/div>\n\t\t<\/section>\n\t\t\t\t<section class=\"elementor-section elementor-top-section elementor-element elementor-element-2cf7917 elementor-section-boxed elementor-section-height-default elementor-section-height-default exad-glass-effect-no exad-sticky-section-no\" data-id=\"2cf7917\" data-element_type=\"section\" data-e-type=\"section\">\n\t\t\t\t\t\t<div class=\"elementor-container elementor-column-gap-default\">\n\t\t\t\t\t<div class=\"elementor-column elementor-col-33 elementor-top-column elementor-element elementor-element-c0266e8 exad-glass-effect-no exad-sticky-section-no\" data-id=\"c0266e8\" data-element_type=\"column\" data-e-type=\"column\">\n\t\t\t<div class=\"elementor-widget-wrap elementor-element-populated\">\n\t\t\t\t\t\t<div class=\"elementor-element elementor-element-56356e1 exad-sticky-section-no exad-glass-effect-no elementor-widget elementor-widget-exad-team-member\" data-id=\"56356e1\" data-element_type=\"widget\" data-e-type=\"widget\" data-widget_type=\"exad-team-member.default\">\n\t\t\t\t<div class=\"elementor-widget-container\">\n\t\t\t\t\t\r\n\t\t<div class=\"exad-team-item\">\r\n\t\t\t<div class=\"exad-team-member exad-center exad-position-top\">\r\n\t\t\t\t\t\t\t\t\t\t\t\t\t\t<div class=\"exad-team-member-thumb\">\r\n\t\t\t\t\t\t\t<img fetchpriority=\"high\" decoding=\"async\" width=\"756\" height=\"656\" src=\"https:\/\/purren-apotheke.de\/wp-content\/uploads\/2022\/01\/st.jpg\" class=\"attachment-medium_large size-medium_large wp-image-1713\" alt=\"\" srcset=\"https:\/\/purren-apotheke.de\/wp-content\/uploads\/2022\/01\/st.jpg 756w, https:\/\/purren-apotheke.de\/wp-content\/uploads\/2022\/01\/st-300x260.jpg 300w\" sizes=\"(max-width: 756px) 100vw, 756px\" \/>\t\t\t\t\t\t<\/div>\r\n\t\t\t\t\t\r\n\t\t\t\t<div class=\"exad-team-member-content\">\r\n\t\t\t\t\t\t\t\t\t\t\t\t\t\t\t\t<h3 class=\"exad-team-member-name\">\r\n\t\t\t\t\t\t\tStefan Wagner\t\t\t\t\t\t<\/h3>\r\n\t\t\t\t\t\r\n\t\t\t\t\t\t\t\t\t\t\t<span class=\"exad-team-member-designation\">\r\n\t\t\t\t\t\tApotheker &amp; Inhaber\t\t\t\t\t\t<\/span>\r\n\t\t\t\t\t\r\n\t\t\t\t\t\t\t\t\t\t\t\t\t\t\t\r\n\t\t\t\t\t\r\n\t\t\t\t<\/div>\r\n\t\t\t\t\t\r\n\t\t\t<\/div>\r\n\t\t<\/div>\t\r\n\t\t\t\t\t\t<\/div>\n\t\t\t\t<\/div>\n\t\t\t\t\t<\/div>\n\t\t<\/div>\n\t\t\t\t<div class=\"elementor-column elementor-col-33 elementor-top-column elementor-element elementor-element-d80b09d exad-glass-effect-no exad-sticky-section-no\" data-id=\"d80b09d\" data-element_type=\"column\" data-e-type=\"column\">\n\t\t\t<div class=\"elementor-widget-wrap elementor-element-populated\">\n\t\t\t\t\t\t<div class=\"elementor-element elementor-element-a717681 exad-sticky-section-no exad-glass-effect-no elementor-widget elementor-widget-exad-team-member\" data-id=\"a717681\" data-element_type=\"widget\" data-e-type=\"widget\" data-widget_type=\"exad-team-member.default\">\n\t\t\t\t<div class=\"elementor-widget-container\">\n\t\t\t\t\t\r\n\t\t<div class=\"exad-team-item\">\r\n\t\t\t<div class=\"exad-team-member exad-center exad-position-top\">\r\n\t\t\t\t\t\t\t\t\t\t\t\t\t\t<div class=\"exad-team-member-thumb\">\r\n\t\t\t\t\t\t\t<img decoding=\"async\" width=\"756\" height=\"656\" src=\"https:\/\/purren-apotheke.de\/wp-content\/uploads\/2022\/02\/2.jpg\" class=\"attachment-medium_large size-medium_large wp-image-3803\" alt=\"\" srcset=\"https:\/\/purren-apotheke.de\/wp-content\/uploads\/2022\/02\/2.jpg 756w, https:\/\/purren-apotheke.de\/wp-content\/uploads\/2022\/02\/2-300x260.jpg 300w\" sizes=\"(max-width: 756px) 100vw, 756px\" \/>\t\t\t\t\t\t<\/div>\r\n\t\t\t\t\t\r\n\t\t\t\t<div class=\"exad-team-member-content\">\r\n\t\t\t\t\t\t\t\t\t\t\t\t\t\t\t\t<h3 class=\"exad-team-member-name\">\r\n\t\t\t\t\t\t\tBirgit Schmidt\t\t\t\t\t\t<\/h3>\r\n\t\t\t\t\t\r\n\t\t\t\t\t\t\t\t\t\t\t<span class=\"exad-team-member-designation\">\r\n\t\t\t\t\t\tPharma-Ingenieurin\t\t\t\t\t\t<\/span>\r\n\t\t\t\t\t\r\n\t\t\t\t\t\t\t\t\t\t\t\t\t\t\t\r\n\t\t\t\t\t\r\n\t\t\t\t<\/div>\r\n\t\t\t\t\t\r\n\t\t\t<\/div>\r\n\t\t<\/div>\t\r\n\t\t\t\t\t\t<\/div>\n\t\t\t\t<\/div>\n\t\t\t\t\t<\/div>\n\t\t<\/div>\n\t\t\t\t<div class=\"elementor-column elementor-col-33 elementor-top-column elementor-element elementor-element-b748f7a exad-glass-effect-no exad-sticky-section-no\" data-id=\"b748f7a\" data-element_type=\"column\" data-e-type=\"column\">\n\t\t\t<div class=\"elementor-widget-wrap elementor-element-populated\">\n\t\t\t\t\t\t<div class=\"elementor-element elementor-element-77f368c exad-sticky-section-no exad-glass-effect-no elementor-widget elementor-widget-exad-team-member\" data-id=\"77f368c\" data-element_type=\"widget\" data-e-type=\"widget\" data-widget_type=\"exad-team-member.default\">\n\t\t\t\t<div class=\"elementor-widget-container\">\n\t\t\t\t\t\r\n\t\t<div class=\"exad-team-item\">\r\n\t\t\t<div class=\"exad-team-member exad-center exad-position-top\">\r\n\t\t\t\t\t\t\t\t\t\t\t\t\t\t<div class=\"exad-team-member-thumb\">\r\n\t\t\t\t\t\t\t<img decoding=\"async\" width=\"756\" height=\"656\" src=\"https:\/\/purren-apotheke.de\/wp-content\/uploads\/2024\/09\/ap5.jpg\" class=\"attachment-medium_large size-medium_large wp-image-4888\" alt=\"\" srcset=\"https:\/\/purren-apotheke.de\/wp-content\/uploads\/2024\/09\/ap5.jpg 756w, https:\/\/purren-apotheke.de\/wp-content\/uploads\/2024\/09\/ap5-300x260.jpg 300w\" sizes=\"(max-width: 756px) 100vw, 756px\" \/>\t\t\t\t\t\t<\/div>\r\n\t\t\t\t\t\r\n\t\t\t\t<div class=\"exad-team-member-content\">\r\n\t\t\t\t\t\t\t\t\t\t\t\t\t\t\t\t<h3 class=\"exad-team-member-name\">\r\n\t\t\t\t\t\t\tNikolas Ziegler\t\t\t\t\t\t<\/h3>\r\n\t\t\t\t\t\r\n\t\t\t\t\t\t\t\t\t\t\t<span class=\"exad-team-member-designation\">\r\n\t\t\t\t\t\tApotheker \t\t\t\t\t\t<\/span>\r\n\t\t\t\t\t\r\n\t\t\t\t\t\t\t\t\t\t\t\t\t\t\t\r\n\t\t\t\t\t\r\n\t\t\t\t<\/div>\r\n\t\t\t\t\t\r\n\t\t\t<\/div>\r\n\t\t<\/div>\t\r\n\t\t\t\t\t\t<\/div>\n\t\t\t\t<\/div>\n\t\t\t\t\t<\/div>\n\t\t<\/div>\n\t\t\t\t\t<\/div>\n\t\t<\/section>\n\t\t\t\t<section class=\"elementor-section elementor-top-section elementor-element elementor-element-3198f9b elementor-section-boxed elementor-section-height-default elementor-section-height-default exad-glass-effect-no exad-sticky-section-no\" data-id=\"3198f9b\" data-element_type=\"section\" data-e-type=\"section\">\n\t\t\t\t\t\t<div class=\"elementor-container elementor-column-gap-default\">\n\t\t\t\t\t<div class=\"elementor-column elementor-col-33 elementor-top-column elementor-element elementor-element-c535ab0 exad-glass-effect-no exad-sticky-section-no\" data-id=\"c535ab0\" data-element_type=\"column\" data-e-type=\"column\">\n\t\t\t<div class=\"elementor-widget-wrap elementor-element-populated\">\n\t\t\t\t\t\t<div class=\"elementor-element elementor-element-ec5e0db exad-sticky-section-no exad-glass-effect-no elementor-widget elementor-widget-exad-team-member\" data-id=\"ec5e0db\" data-element_type=\"widget\" data-e-type=\"widget\" data-widget_type=\"exad-team-member.default\">\n\t\t\t\t<div class=\"elementor-widget-container\">\n\t\t\t\t\t\r\n\t\t<div class=\"exad-team-item\">\r\n\t\t\t<div class=\"exad-team-member exad-center exad-position-top\">\r\n\t\t\t\t\t\t\t\t\t\t\t\t\t\t<div class=\"exad-team-member-thumb\">\r\n\t\t\t\t\t\t\t<img loading=\"lazy\" decoding=\"async\" width=\"756\" height=\"656\" src=\"https:\/\/purren-apotheke.de\/wp-content\/uploads\/2022\/02\/caro-1.jpg\" class=\"attachment-medium_large size-medium_large wp-image-4213\" alt=\"\" srcset=\"https:\/\/purren-apotheke.de\/wp-content\/uploads\/2022\/02\/caro-1.jpg 756w, https:\/\/purren-apotheke.de\/wp-content\/uploads\/2022\/02\/caro-1-300x260.jpg 300w\" sizes=\"(max-width: 756px) 100vw, 756px\" \/>\t\t\t\t\t\t<\/div>\r\n\t\t\t\t\t\r\n\t\t\t\t<div class=\"exad-team-member-content\">\r\n\t\t\t\t\t\t\t\t\t\t\t\t\t\t\t\t<h3 class=\"exad-team-member-name\">\r\n\t\t\t\t\t\t\tCarolina Strubel\t\t\t\t\t\t<\/h3>\r\n\t\t\t\t\t\r\n\t\t\t\t\t\t\t\t\t\t\t<span class=\"exad-team-member-designation\">\r\n\t\t\t\t\t\tApothekerin &amp; Pharma Betriebswirtin (Mutterschutz)\t\t\t\t\t\t<\/span>\r\n\t\t\t\t\t\r\n\t\t\t\t\t\t\t\t\t\t\t\t\t\t\t\r\n\t\t\t\t\t\r\n\t\t\t\t<\/div>\r\n\t\t\t\t\t\r\n\t\t\t<\/div>\r\n\t\t<\/div>\t\r\n\t\t\t\t\t\t<\/div>\n\t\t\t\t<\/div>\n\t\t\t\t\t<\/div>\n\t\t<\/div>\n\t\t\t\t<div class=\"elementor-column elementor-col-33 elementor-top-column elementor-element elementor-element-a866717 exad-glass-effect-no exad-sticky-section-no\" data-id=\"a866717\" data-element_type=\"column\" data-e-type=\"column\">\n\t\t\t<div class=\"elementor-widget-wrap elementor-element-populated\">\n\t\t\t\t\t\t<div class=\"elementor-element elementor-element-92ab2fd exad-sticky-section-no exad-glass-effect-no elementor-widget elementor-widget-exad-team-member\" data-id=\"92ab2fd\" data-element_type=\"widget\" data-e-type=\"widget\" data-widget_type=\"exad-team-member.default\">\n\t\t\t\t<div class=\"elementor-widget-container\">\n\t\t\t\t\t\r\n\t\t<div class=\"exad-team-item\">\r\n\t\t\t<div class=\"exad-team-member exad-center exad-position-top\">\r\n\t\t\t\t\t\t\t\t\t\t\t\t\t\t<div class=\"exad-team-member-thumb\">\r\n\t\t\t\t\t\t\t<img loading=\"lazy\" decoding=\"async\" width=\"756\" height=\"656\" src=\"https:\/\/purren-apotheke.de\/wp-content\/uploads\/2022\/07\/b2.jpg\" class=\"attachment-medium_large size-medium_large wp-image-4627\" alt=\"\" srcset=\"https:\/\/purren-apotheke.de\/wp-content\/uploads\/2022\/07\/b2.jpg 756w, https:\/\/purren-apotheke.de\/wp-content\/uploads\/2022\/07\/b2-300x260.jpg 300w\" sizes=\"(max-width: 756px) 100vw, 756px\" \/>\t\t\t\t\t\t<\/div>\r\n\t\t\t\t\t\r\n\t\t\t\t<div class=\"exad-team-member-content\">\r\n\t\t\t\t\t\t\t\t\t\t\t\t\t\t\t\t<h3 class=\"exad-team-member-name\">\r\n\t\t\t\t\t\t\tSusanne Mayer \t\t\t\t\t\t<\/h3>\r\n\t\t\t\t\t\r\n\t\t\t\t\t\t\t\t\t\t\t<span class=\"exad-team-member-designation\">\r\n\t\t\t\t\t\tPharmazeutisch Technische Assistentin\t\t\t\t\t\t<\/span>\r\n\t\t\t\t\t\r\n\t\t\t\t\t\t\t\t\t\t\t\t\t\t\t\r\n\t\t\t\t\t\r\n\t\t\t\t<\/div>\r\n\t\t\t\t\t\r\n\t\t\t<\/div>\r\n\t\t<\/div>\t\r\n\t\t\t\t\t\t<\/div>\n\t\t\t\t<\/div>\n\t\t\t\t\t<\/div>\n\t\t<\/div>\n\t\t\t\t<div class=\"elementor-column elementor-col-33 elementor-top-column elementor-element elementor-element-32e3ee3 exad-glass-effect-no exad-sticky-section-no\" data-id=\"32e3ee3\" data-element_type=\"column\" data-e-type=\"column\">\n\t\t\t<div class=\"elementor-widget-wrap elementor-element-populated\">\n\t\t\t\t\t\t<div class=\"elementor-element elementor-element-9591835 exad-sticky-section-no exad-glass-effect-no elementor-widget elementor-widget-exad-team-member\" data-id=\"9591835\" data-element_type=\"widget\" data-e-type=\"widget\" data-widget_type=\"exad-team-member.default\">\n\t\t\t\t<div class=\"elementor-widget-container\">\n\t\t\t\t\t\r\n\t\t<div class=\"exad-team-item\">\r\n\t\t\t<div class=\"exad-team-member exad-center exad-position-top\">\r\n\t\t\t\t\t\t\t\t\t\t\t\t\t\t<div class=\"exad-team-member-thumb\">\r\n\t\t\t\t\t\t\t<img loading=\"lazy\" decoding=\"async\" width=\"756\" height=\"656\" src=\"https:\/\/purren-apotheke.de\/wp-content\/uploads\/2022\/02\/mk-3.jpg\" class=\"attachment-medium_large size-medium_large wp-image-4205\" alt=\"\" srcset=\"https:\/\/purren-apotheke.de\/wp-content\/uploads\/2022\/02\/mk-3.jpg 756w, https:\/\/purren-apotheke.de\/wp-content\/uploads\/2022\/02\/mk-3-300x260.jpg 300w\" sizes=\"(max-width: 756px) 100vw, 756px\" \/>\t\t\t\t\t\t<\/div>\r\n\t\t\t\t\t\r\n\t\t\t\t<div class=\"exad-team-member-content\">\r\n\t\t\t\t\t\t\t\t\t\t\t\t\t\t\t\t<h3 class=\"exad-team-member-name\">\r\n\t\t\t\t\t\t\tMonika Motzkuhn\t\t\t\t\t\t<\/h3>\r\n\t\t\t\t\t\r\n\t\t\t\t\t\t\t\t\t\t\t<span class=\"exad-team-member-designation\">\r\n\t\t\t\t\t\tPharmazeutisch Technische Assistentin\t\t\t\t\t\t<\/span>\r\n\t\t\t\t\t\r\n\t\t\t\t\t\t\t\t\t\t\t\t\t\t\t\r\n\t\t\t\t\t\r\n\t\t\t\t<\/div>\r\n\t\t\t\t\t\r\n\t\t\t<\/div>\r\n\t\t<\/div>\t\r\n\t\t\t\t\t\t<\/div>\n\t\t\t\t<\/div>\n\t\t\t\t\t<\/div>\n\t\t<\/div>\n\t\t\t\t\t<\/div>\n\t\t<\/section>\n\t\t\t\t<section class=\"elementor-section elementor-top-section elementor-element elementor-element-9d5c830 elementor-section-boxed elementor-section-height-default elementor-section-height-default exad-glass-effect-no exad-sticky-section-no\" data-id=\"9d5c830\" data-element_type=\"section\" data-e-type=\"section\">\n\t\t\t\t\t\t<div class=\"elementor-container elementor-column-gap-default\">\n\t\t\t\t\t<div class=\"elementor-column elementor-col-33 elementor-top-column elementor-element elementor-element-2401469 exad-glass-effect-no exad-sticky-section-no\" data-id=\"2401469\" data-element_type=\"column\" data-e-type=\"column\">\n\t\t\t<div class=\"elementor-widget-wrap elementor-element-populated\">\n\t\t\t\t\t\t<div class=\"elementor-element elementor-element-ea427b9 exad-sticky-section-no exad-glass-effect-no elementor-widget elementor-widget-exad-team-member\" data-id=\"ea427b9\" data-element_type=\"widget\" data-e-type=\"widget\" data-widget_type=\"exad-team-member.default\">\n\t\t\t\t<div class=\"elementor-widget-container\">\n\t\t\t\t\t\r\n\t\t<div class=\"exad-team-item\">\r\n\t\t\t<div class=\"exad-team-member exad-center exad-position-top\">\r\n\t\t\t\t\t\t\t\t\t\t\t\t\t\t<div class=\"exad-team-member-thumb\">\r\n\t\t\t\t\t\t\t<img loading=\"lazy\" decoding=\"async\" width=\"756\" height=\"656\" src=\"https:\/\/purren-apotheke.de\/wp-content\/uploads\/2022\/02\/4.jpg\" class=\"attachment-medium_large size-medium_large wp-image-3802\" alt=\"\" srcset=\"https:\/\/purren-apotheke.de\/wp-content\/uploads\/2022\/02\/4.jpg 756w, https:\/\/purren-apotheke.de\/wp-content\/uploads\/2022\/02\/4-300x260.jpg 300w\" sizes=\"(max-width: 756px) 100vw, 756px\" \/>\t\t\t\t\t\t<\/div>\r\n\t\t\t\t\t\r\n\t\t\t\t<div class=\"exad-team-member-content\">\r\n\t\t\t\t\t\t\t\t\t\t\t\t\t\t\t\t<h3 class=\"exad-team-member-name\">\r\n\t\t\t\t\t\t\tNicole Clau\u00df\t\t\t\t\t\t<\/h3>\r\n\t\t\t\t\t\r\n\t\t\t\t\t\t\t\t\t\t\t<span class=\"exad-team-member-designation\">\r\n\t\t\t\t\t\tB\u00fcrokauffrau &amp; Lieferservice\t\t\t\t\t\t<\/span>\r\n\t\t\t\t\t\r\n\t\t\t\t\t\t\t\t\t\t\t\t\t\t\t\r\n\t\t\t\t\t\r\n\t\t\t\t<\/div>\r\n\t\t\t\t\t\r\n\t\t\t<\/div>\r\n\t\t<\/div>\t\r\n\t\t\t\t\t\t<\/div>\n\t\t\t\t<\/div>\n\t\t\t\t\t<\/div>\n\t\t<\/div>\n\t\t\t\t<div class=\"elementor-column elementor-col-33 elementor-top-column elementor-element elementor-element-98e8edf exad-glass-effect-no exad-sticky-section-no\" data-id=\"98e8edf\" data-element_type=\"column\" data-e-type=\"column\">\n\t\t\t<div class=\"elementor-widget-wrap elementor-element-populated\">\n\t\t\t\t\t\t<div class=\"elementor-element elementor-element-73b7196 exad-sticky-section-no exad-glass-effect-no elementor-widget elementor-widget-exad-team-member\" data-id=\"73b7196\" data-element_type=\"widget\" data-e-type=\"widget\" data-widget_type=\"exad-team-member.default\">\n\t\t\t\t<div class=\"elementor-widget-container\">\n\t\t\t\t\t\r\n\t\t<div class=\"exad-team-item\">\r\n\t\t\t<div class=\"exad-team-member exad-center exad-position-top\">\r\n\t\t\t\t\t\t\t\t\t\t\t\t\t\t<div class=\"exad-team-member-thumb\">\r\n\t\t\t\t\t\t\t<img loading=\"lazy\" decoding=\"async\" width=\"756\" height=\"656\" src=\"https:\/\/purren-apotheke.de\/wp-content\/uploads\/2022\/03\/Max.jpg\" class=\"attachment-medium_large size-medium_large wp-image-4443\" alt=\"\" srcset=\"https:\/\/purren-apotheke.de\/wp-content\/uploads\/2022\/03\/Max.jpg 756w, https:\/\/purren-apotheke.de\/wp-content\/uploads\/2022\/03\/Max-300x260.jpg 300w\" sizes=\"(max-width: 756px) 100vw, 756px\" \/>\t\t\t\t\t\t<\/div>\r\n\t\t\t\t\t\r\n\t\t\t\t<div class=\"exad-team-member-content\">\r\n\t\t\t\t\t\t\t\t\t\t\t\t\t\t\t\t<h3 class=\"exad-team-member-name\">\r\n\t\t\t\t\t\t\tMaximilian Wenglorz\t\t\t\t\t\t<\/h3>\r\n\t\t\t\t\t\r\n\t\t\t\t\t\t\t\t\t\t\t<span class=\"exad-team-member-designation\">\r\n\t\t\t\t\t\tAushilfe &amp; Fahrer\t\t\t\t\t\t<\/span>\r\n\t\t\t\t\t\r\n\t\t\t\t\t\t\t\t\t\t\t\t\t\t\t\r\n\t\t\t\t\t\r\n\t\t\t\t<\/div>\r\n\t\t\t\t\t\r\n\t\t\t<\/div>\r\n\t\t<\/div>\t\r\n\t\t\t\t\t\t<\/div>\n\t\t\t\t<\/div>\n\t\t\t\t\t<\/div>\n\t\t<\/div>\n\t\t\t\t<div class=\"elementor-column elementor-col-33 elementor-top-column elementor-element elementor-element-bd9dab0 exad-glass-effect-no exad-sticky-section-no\" data-id=\"bd9dab0\" data-element_type=\"column\" data-e-type=\"column\">\n\t\t\t<div class=\"elementor-widget-wrap\">\n\t\t\t\t\t\t\t<\/div>\n\t\t<\/div>\n\t\t\t\t\t<\/div>\n\t\t<\/section>\n\t\t\t\t<section class=\"elementor-section elementor-top-section elementor-element elementor-element-bb91575 elementor-section-full_width elementor-section-height-default elementor-section-height-default exad-glass-effect-no exad-sticky-section-no\" data-id=\"bb91575\" data-element_type=\"section\" data-e-type=\"section\">\n\t\t\t\t\t\t<div class=\"elementor-container elementor-column-gap-default\">\n\t\t\t\t\t<div class=\"elementor-column elementor-col-50 elementor-top-column elementor-element elementor-element-b60bd93 exad-glass-effect-no exad-sticky-section-no\" data-id=\"b60bd93\" data-element_type=\"column\" data-e-type=\"column\">\n\t\t\t<div class=\"elementor-widget-wrap\">\n\t\t\t\t\t\t\t<\/div>\n\t\t<\/div>\n\t\t\t\t<div class=\"elementor-column elementor-col-50 elementor-top-column elementor-element elementor-element-6841f38 exad-glass-effect-no exad-sticky-section-no\" data-id=\"6841f38\" data-element_type=\"column\" data-e-type=\"column\">\n\t\t\t<div class=\"elementor-widget-wrap elementor-element-populated\">\n\t\t\t\t\t\t<div class=\"elementor-element elementor-element-58849d4 exad-sticky-section-no exad-glass-effect-no elementor-widget elementor-widget-image\" data-id=\"58849d4\" data-element_type=\"widget\" data-e-type=\"widget\" data-widget_type=\"image.default\">\n\t\t\t\t<div class=\"elementor-widget-container\">\n\t\t\t\t\t\t\t\t\t\t\t\t\t\t\t<img loading=\"lazy\" decoding=\"async\" width=\"661\" height=\"423\" src=\"https:\/\/purren-apotheke.de\/wp-content\/uploads\/2021\/12\/Purren-Bla\u0308tter_gru\u0308nR.png\" class=\"attachment-large size-large wp-image-338\" alt=\"\" srcset=\"https:\/\/purren-apotheke.de\/wp-content\/uploads\/2021\/12\/Purren-Bla\u0308tter_gru\u0308nR.png 661w, https:\/\/purren-apotheke.de\/wp-content\/uploads\/2021\/12\/Purren-Bla\u0308tter_gru\u0308nR-300x192.png 300w\" sizes=\"(max-width: 661px) 100vw, 661px\" \/>\t\t\t\t\t\t\t\t\t\t\t\t\t\t\t<\/div>\n\t\t\t\t<\/div>\n\t\t\t\t\t<\/div>\n\t\t<\/div>\n\t\t\t\t\t<\/div>\n\t\t<\/section>\n\t\t\t\t<\/div>\n\t\t","protected":false},"excerpt":{"rendered":"<p>Unser Team &#8211; immer f\u00fcr Sie da Als eingespieltes Team beraten wir unsere Kunden t\u00e4glich mit viel Engagement in unserem Beruf. Kompetenz und Feingef\u00fchl, Verst\u00e4ndnis f\u00fcr Ihre Anliegen und Freude an unserer Arbeit machen unsere Team-Philosophie aus. Bei Fragen und Problemen rund um die Gesundheit sind wir immer f\u00fcr Sie da. Stefan Wagner Apotheker &amp; [&hellip;]<\/p>\n","protected":false},"author":1,"featured_media":0,"parent":0,"menu_order":0,"comment_status":"closed","ping_status":"closed","template":"","meta":{"site-sidebar-layout":"no-sidebar","site-content-layout":"page-builder","ast-site-content-layout":"full-width-container","site-content-style":"default","site-sidebar-style":"default","ast-global-header-display":"","ast-banner-title-visibility":"","ast-main-header-display":"","ast-hfb-above-header-display":"","ast-hfb-below-header-display":"","ast-hfb-mobile-header-display":"","site-post-title":"disabled","ast-breadcrumbs-content":"","ast-featured-img":"disabled","footer-sml-layout":"","ast-disable-related-posts":"","theme-transparent-header-meta":"","adv-header-id-meta":"","stick-header-meta":"","header-above-stick-meta":"","header-main-stick-meta":"","header-below-stick-meta":"","astra-migrate-meta-layouts":"set","ast-page-background-enabled":"default","ast-page-background-meta":{"desktop":{"background-color":"var(--ast-global-color-4)","background-image":"","background-repeat":"repeat","background-position":"center center","background-size":"auto","background-attachment":"scroll","background-type":"","background-media":"","overlay-type":"","overlay-color":"","overlay-opacity":"","overlay-gradient":""},"tablet":{"background-color":"","background-image":"","background-repeat":"repeat","background-position":"center center","background-size":"auto","background-attachment":"scroll","background-type":"","background-media":"","overlay-type":"","overlay-color":"","overlay-opacity":"","overlay-gradient":""},"mobile":{"background-color":"","background-image":"","background-repeat":"repeat","background-position":"center center","background-size":"auto","background-attachment":"scroll","background-type":"","background-media":"","overlay-type":"","overlay-color":"","overlay-opacity":"","overlay-gradient":""}},"ast-content-background-meta":{"desktop":{"background-color":"var(--ast-global-color-5)","background-image":"","background-repeat":"repeat","background-position":"center center","background-size":"auto","background-attachment":"scroll","background-type":"","background-media":"","overlay-type":"","overlay-color":"","overlay-opacity":"","overlay-gradient":""},"tablet":{"background-color":"var(--ast-global-color-5)","background-image":"","background-repeat":"repeat","background-position":"center center","background-size":"auto","background-attachment":"scroll","background-type":"","background-media":"","overlay-type":"","overlay-color":"","overlay-opacity":"","overlay-gradient":""},"mobile":{"background-color":"var(--ast-global-color-5)","background-image":"","background-repeat":"repeat","background-position":"center center","background-size":"auto","background-attachment":"scroll","background-type":"","background-media":"","overlay-type":"","overlay-color":"","overlay-opacity":"","overlay-gradient":""}},"footnotes":""},"class_list":["post-4945","page","type-page","status-publish","hentry"],"_links":{"self":[{"href":"https:\/\/purren-apotheke.de\/index.php?rest_route=\/wp\/v2\/pages\/4945","targetHints":{"allow":["GET"]}}],"collection":[{"href":"https:\/\/purren-apotheke.de\/index.php?rest_route=\/wp\/v2\/pages"}],"about":[{"href":"https:\/\/purren-apotheke.de\/index.php?rest_route=\/wp\/v2\/types\/page"}],"author":[{"embeddable":true,"href":"https:\/\/purren-apotheke.de\/index.php?rest_route=\/wp\/v2\/users\/1"}],"replies":[{"embeddable":true,"href":"https:\/\/purren-apotheke.de\/index.php?rest_route=%2Fwp%2Fv2%2Fcomments&post=4945"}],"version-history":[{"count":41,"href":"https:\/\/purren-apotheke.de\/index.php?rest_route=\/wp\/v2\/pages\/4945\/revisions"}],"predecessor-version":[{"id":4987,"href":"https:\/\/purren-apotheke.de\/index.php?rest_route=\/wp\/v2\/pages\/4945\/revisions\/4987"}],"wp:attachment":[{"href":"https:\/\/purren-apotheke.de\/index.php?rest_route=%2Fwp%2Fv2%2Fmedia&parent=4945"}],"curies":[{"name":"wp","href":"https:\/\/api.w.org\/{rel}","templated":true}]}}